{"id":748,"date":"2016-03-10T18:52:12","date_gmt":"2016-03-10T18:52:12","guid":{"rendered":"https:\/\/default.houzez.co\/?page_id=748"},"modified":"2021-05-28T14:50:31","modified_gmt":"2021-05-28T11:50:31","slug":"privacy","status":"publish","type":"page","link":"https:\/\/kapitaligrupp.ee\/et\/privacy\/","title":{"rendered":"Privaatsuspoliitika"},"content":{"rendered":"<div data-elementor-type=\"wp-page\" data-elementor-id=\"748\" class=\"elementor elementor-748\" data-elementor-post-type=\"page\">\n\t\t\t\t\t\t<section class=\"elementor-section elementor-top-section elementor-element elementor-element-52dbb070 elementor-section-boxed elementor-section-height-default elementor-section-height-default\" data-id=\"52dbb070\" data-element_type=\"section\" data-e-type=\"section\">\n\t\t\t\t\t\t<div class=\"elementor-container elementor-column-gap-default\">\n\t\t\t\t\t<div class=\"elementor-column elementor-col-100 elementor-top-column elementor-element elementor-element-7ed3bd1d\" data-id=\"7ed3bd1d\" data-element_type=\"column\" data-e-type=\"column\">\n\t\t\t<div class=\"elementor-widget-wrap elementor-element-populated\">\n\t\t\t\t\t\t<div class=\"elementor-element elementor-element-6364339e elementor-widget elementor-widget-text-editor\" data-id=\"6364339e\" data-element_type=\"widget\" data-e-type=\"widget\" data-widget_type=\"text-editor.default\">\n\t\t\t\t<div class=\"elementor-widget-container\">\n\t\t\t\t\t\t\t\t\t<p>\u00a0<\/p>\n<p><\/p>\n<p class=\"translation-block\"><strong>Andmekaitsetingimused<\/strong>\n<br>\nIsikuandmete vastutavaks t\u00f6\u00f6tlejaks on Kapitali Grupp O\u00dc (edaspidi KG) (Keemia 4, Tallinn 10616, registrikood: 10751440). K\u00e4esolevad andmekaitsetingimused on koostatud eesm\u00e4rgiga kaitsta KG endiste, praeguste ja tulevaste klientide privaatsust. Sellest tulenevalt toome v\u00e4lja p\u00f5him\u00f5tted, mis k\u00e4sitlevad kliendi isikuandmete kogumist, kasutamist, talletamist, edastamist ja avaldamist.<\/p>\n<p><strong><span style=\"text-decoration: underline;\">Isikuandmete t\u00f6\u00f6tlemise p\u00f5him\u00f5tted<\/span><\/strong><\/p>\n<p>KG t\u00f6\u00f6tleb Kliendi esitatud isikuandmeid koosk\u00f5las kohalduvas \u00f5iguses kehtestatud n\u00f5uetega ning l\u00e4htub isikuandmete t\u00f6\u00f6tlemisel alati Kliendi huvidest, \u00f5igustest ja vabadustest.<\/p>\n<p>KG eesm\u00e4rgiks on vastutustundlik isikuandmete t\u00f6\u00f6tlemine, mille puhul l\u00e4htutakse parimast praktikast, pidades silmas, et alati ollakse valmis demonstreerima isikuandmete t\u00f6\u00f6tlemise vastavust seatud eesm\u00e4rkidele.<\/p>\n<p>KG k\u00f5ik isikuandmete t\u00f6\u00f6tlemisega seonduvad protsessid, juhendid, toimingud ja tegevused l\u00e4htuvad j\u00e4rgnevatest p\u00f5him\u00f5tetest:<\/p>\n<ul>\n<li>isikuandmete t\u00f6\u00f6tlemise puhul on olemas selleks seadusest tulenev alus, n\u00e4iteks n\u00f5usolek;<\/li>\n<li>isikuandmete t\u00f6\u00f6tlemine on \u00f5iglane n\u00f5utades eelk\u00f5ige, et Kliendil oleks piisav teave ja informatsioon selle kohta, kuidas isikuandmeid t\u00f6\u00f6deldakse;<\/li>\n<li>isikuandmete t\u00f6\u00f6tlemine on Kliendile l\u00e4bipaistev;<\/li>\n<li>isikuandmeid kogutakse t\u00e4pselt ja selgelt kindlaksm\u00e4\u00e4ratud ning \u00f5igusp\u00e4rastel eesm\u00e4rkidel ning neid ei t\u00f6\u00f6delda hiljem viisil, mis on nende eesm\u00e4rkidega vastuolus;<\/li>\n<li>isikuandmed on asjakohased, olulised ja piiratud sellega, mis on vajalik nende isikuandmete t\u00f6\u00f6tlemise eesm\u00e4rgi seisukohalt. Isikuandmete t\u00f6\u00f6tlemisel l\u00e4htub KG minimaalse t\u00f6\u00f6tluse p\u00f5him\u00f5ttest ning kui isikuandmed ei ole vajalikud v\u00f5i ei ole enam vajalikud eesm\u00e4rgiks, miks need koguti, siis isikuandmed kustutatakse;<\/li>\n<li>isikuandmed on \u00f5iged ja vajaduse korral ajakohastatud ning tarvitusele on v\u00f5etud k\u00f5ik m\u00f5istlikud meetmed, et isikuandmete t\u00f6\u00f6tlemise eesm\u00e4rgi seisukohast eba\u00f5iged isikuandmed kustutataks v\u00f5i parandataks viivitamatult;<\/li>\n<li>isikuandmeid s\u00e4ilitatakse kujul, mis v\u00f5imaldab Kliendi tuvastada ainult seni, kuni see on vajalik selle eesm\u00e4rgi t\u00e4itmiseks, milleks isikuandmeid t\u00f6\u00f6deldakse. Juhul kui KG soovib hoida isikuandmeid kauem kui see on kogumise eesm\u00e4rgist tulenevalt vajalik, anon\u00fcmiseerib KG andmed selliselt, et Klient ei ole enam tuvastatav;<\/li>\n<li>isikuandmete t\u00f6\u00f6tlemine toimub viisil, mis tagab isikuandmete asjakohase turvalisuse, sealhulgas kaitseb loata v\u00f5i ebaseadusliku t\u00f6\u00f6tlemise eest ning juhusliku kaotamise, h\u00e4vitamise v\u00f5i kahjustumise eest, kasutades m\u00f5istlikke tehnilisi v\u00f5i korralduslikke meetmeid;<\/li>\n<li>KG tagab, et k\u00f5ik kasutatavad s\u00fcsteemid vastavad n\u00f5utavatele tehnilistele kriteeriumitele. Sobivad andmekaitse meetmed on kavandatud iga info- ja andmes\u00fcsteemi uuendamisel v\u00f5i disainimisel.<\/li>\n<\/ul>\n<p><\/p>\n<p><span style=\"text-decoration: underline;\"><strong>Isikuandmete kogumine ja kasutamine<\/strong><\/span><\/p>\n<p>Isikuandmetena k\u00e4sitleme andmeid, mis on isiku poolt antud vabatahtlikult ning kinnitatud kirjaliku n\u00f5usolekuga. Isikuandmed v\u00f5ivad sisaldada nime, telefoninumbrit, e-maili, aadressi ja muid andmeid.<\/p>\n<p>Teatud p\u00f5hiandmed saame riiklikest registritest.<\/p>\n<p>Isikuandmeid kasutame vaid selleks etten\u00e4htud eesm\u00e4rgil, milleks on klientidele v\u00e4rskeima turuinfo edastamine, turu\u00fclevaadete, pakkumiste ning muu KG tegevusega seotud info jagamine.<\/p>\n<p>KG ei levita, edasta, muuda ega kasuta m\u00f5nel muul mitte etten\u00e4htud viisil meile usaldatud isikuandmeid, v\u00e4lja arvatud juhul kui kliendiga on vastav kokkulepe v\u00f5i kui info avaldamise vajadus tuleneb Eesti Vabariigi seadusandlusest.<\/p>\n<p>Juhul, kui saate meie k\u00e4est eelnimetatud infot, ilma et oleksite meile enda teadmata edastanud oma andmeid, palume sellest teada anda <a href=\"mailto:info@kapitaligrupp.ee\" target=\"_self\">info@kapitaligrupp.ee<\/a><\/p>\n<p>Isikul on \u00f5igus oma n\u00f5usolek igal ajal tagasi v\u00f5tta teavitades sellest aadressil <a href=\"mailto:info@kapitaligrupp.ee\" target=\"_self\">info@kapitaligrupp.ee<\/a><\/p>\n<p><\/p>\n<p><b><u>Isikuandmete t\u00f6\u00f6tlemise alus ja eesm\u00e4rk<\/u><\/b><\/p>\n<p><u>N\u00f5usolekup\u00f5hine andmete t\u00f6\u00f6tlemine<\/u><\/p>\n<p>T\u00f6\u00f6tleme klientide isikuandmeid nende n\u00f5usoleku alusel. N\u00f5usoleku alusel edastame klientidele uudiskirja, mis sisaldavad turunduspakkumisi ja -teateid.<\/p>\n<p><u>Andmete t\u00f6\u00f6tlemine lepingu t\u00e4itmiseks<\/u><\/p>\n<p>T\u00f6\u00f6tleme klientide andmeid, et osutada neile lepingu alusel tellitud teenust. T\u00f6\u00f6tleme isikuandmeid ka teenuse arveldamise eesm\u00e4rgil.<\/p>\n<p>T\u00f6\u00f6tleme isikuandmeid, et lahendada teenuse pakkumisest tulenevaid n\u00f5udeid.<\/p>\n<p><u>Seadusest tuleneva kohustuse t\u00e4itmiseks<\/u><\/p>\n<p>Seadusest tulenevate kohustuste t\u00e4itmine on andmet\u00f6\u00f6tlus, mida oleme kohustatud tegema, sest meilt kui teenusepakkujalt n\u00f5utakse seda seadusega.<\/p>\n<p>Eesm\u00e4rkideks on raamatupidamine, riigiasutuste p\u00e4ringutele vastamine, kohustuslik isikutuvastus rahapesu t\u00f5kestamiseks ning j\u00e4relevalveasutuse ja isiku teavitamine toimunud rikkumistest ja nende kahtlustustest.<\/p>\n<p><\/p>\n<p><span style=\"text-decoration: underline;\"><strong>Isikustamata andmete kogumine ja kasutamine<\/strong><\/span><\/p>\n<p>Isikustamata andmed on andmed, mida ei saa otseselt siduda \u00fche kindla isikuga (vanus,sugu,elukoht).<\/p>\n<p>KG kasutab oma veebilehel kapitaligrupp.ee k\u00fcpsiseid (cookies), mille funktsioon on \u00fcldise statistika kogumine meie kodulehe liikluse kohta, kodulehe kasutamise kiirendamine ja mugavamaks muutmine kasutajate jaoks. See info aitab meil oma kodulehek\u00fclge ajakohastada ja muuta info Teile paremini k\u00e4ttesaadavamaks. Me ei j\u00e4lgi individuaalsete inimeste k\u00e4itumist ja liikumist meie veebilehel.<\/p>\n<p>K\u00fcpsis on tekstifail, mille saadavad ja salvestavad kasutaja arvutisse veebilehed, mida ta k\u00fclastab. K\u00fcpsis salvestatakse kasutaja veebilehitseja failikataloogis. Juhul kui Kasutaja on veebilehte varem k\u00fclastanud, loeb veebilehitseja k\u00fcpsist ning edastab vastava teabe veebilehele v\u00f5i elemendile, mis k\u00fcpsise algul salvestas. Lisateave k\u00fcpsiste kohta on k\u00e4ttesaadav veebilehel www.aki.ee\/et\/kupsised.<\/p>\n<p>Veebilehitsejal on \u00f5igus k\u00fcpsiste kasutamine \u00e4ra keelata. Vastava soovi korral tuleb muuta oma veebilehitseja seadeid.<\/p>\n<p><\/p>\n<p><span style=\"text-decoration: underline;\"><strong>Teie \u00f5igused<\/strong><\/span><\/p>\n<p>Isikuandmete kaitse \u00fcldm\u00e4\u00e4ruse j\u00e4rgi on andmesubjektil j\u00e4rgmised \u00f5igused:<\/p>\n<ul>\n<li>\u00f5igus tutvuda isikuandmetega, mida andmesubjekti kohta hoitakse;<\/li>\n<li>\u00f5igus keelata t\u00f6\u00f6tlemine (n\u00e4iteks otseturunduse jaoks);<br \/>\u00f5igus andmete \u00fclekandmisele;<\/li>\n<li>\u00f5igus esitada kaebus KG-le, Andmekaitse Inspektsioonile v\u00f5i kohtule andmete t\u00f6\u00f6tlemise kohta vastutava t\u00f6\u00f6tleja poolt;<\/li>\n<li>\u00f5igus esitada vastuv\u00e4iteid andmesubjekti puudutava isikuandmete t\u00f6\u00f6tlemise toimingu suhtes;<\/li>\n<li>\u00f5igus uuendada oma isikuandmeid;<\/li>\n<li>\u00f5igus olla unustatud (andmete kustutamine).<\/li>\n<\/ul>\n<p><\/p>\n<p><span style=\"text-decoration: underline;\"><strong>Isikuandmete s\u00e4ilitamise t\u00e4htaeg<\/strong><\/span><\/p>\n<p>S\u00e4ilitame 6 kuud potentsiaalsete klientide andmeid, kes on soovinud n\u00e4iteks hinnapakkumisi v\u00f5i infot teenuste kohta, kuid ei ole kliendiks hakanud.<\/p>\n<p>Klientidega seotud s\u00fcndmuste andmeid (n\u00f5ustamine, \u00fcldised pakkumised) s\u00e4ilitame 2 aastat.<\/p>\n<p>S\u00e4ilitame 3 aastat kontaktisikute andmeid ja s\u00fcndmuseid (tellimus, kaebus, intsident, v\u00f5lateavitus). Kustutust\u00e4htaeg rakendub alates lepingu l\u00f5petamisest.<\/p>\n<p>5 aastat s\u00e4ilitame andmeid, mida kogume rahapesu ja terrorismi rahastamise t\u00f5kestamise eesm\u00e4rgil. Kustutust\u00e4htaeg rakendub alates lepingu l\u00f5petamisest<\/p>\n<p>S\u00e4ilitame 7 aastat raamatupidamisandmed (k.a lepingud nende l\u00f5ppemisest).<\/p>\n<p>13 aastat s\u00e4ilitame v\u00f5lgnevuse andmed, kui ei ole kehtivat sissen\u00f5udmismenetlust.<\/p>\n<p>Konkreetselt m\u00e4\u00e4ratlemata t\u00e4htajad andmete s\u00e4ilitamiseks kehtivad, kui on tegemist isiku vahetu tuvastamise faktiga ja kehtiva volitustega kontaktisiku ja seostega kontaktisikuga.<\/p>\n<p><span style=\"text-decoration: underline;\"><strong>Kolmandad isikud, kes kasutavad peale KG Teie isikuandmeid<\/strong><\/span><\/p>\n<p>V\u00f5ime edastada informatsiooni Teie kohta selleks p\u00e4devatele riigiasutustele (nt julgeoleku- ja j\u00e4litusasutustele, sh n\u00e4iteks politseile, kohtule, h\u00e4irekeskusele kui vastav kohustus tuleb seadusest. Samuti v\u00f5ime edastada Teie andmeid kohtu maksek\u00e4su osakonnale, kui olete v\u00f5lgnevusse j\u00e4\u00e4nud.<\/p>\n<p><span style=\"text-decoration: underline;\"><strong>Andmekaitsetingimuste \u00fcldtingimused ja muudatused<\/strong><\/span><\/p>\n<p>Meile oma andmeid edastades ning meie veebilehte kasutama asudes, olete tutvunud meie p\u00f5him\u00f5tete ja tingimustega ning nendega n\u00f5ustunud. KG j\u00e4tab endale \u00f5iguse vajadusel muuta andmekaitsetingimuste \u00fcldtingimusi.<\/p>\n<p class=\"translation-block\">K\u00f5ikide andmekaitsetingimusi puudutavate k\u00fcsimuste korral palume v\u00f5tta meiega \u00fchendust <a href=\"mailto:info@kapitaligrupp.ee\" target=\"_self\">info@kapitaligrupp.ee<\/a><\/p>\n<p><\/p>\t\t\t\t\t\t\t\t<\/div>\n\t\t\t\t<\/div>\n\t\t\t\t\t<\/div>\n\t\t<\/div>\n\t\t\t\t\t<\/div>\n\t\t<\/section>\n\t\t\t\t<\/div>","protected":false},"excerpt":{"rendered":"<p>Data protection conditionsThe chief processor of personal data is Kapitali Grupp O\u00dc (hereinafter KG) (Keemia 4, Tallinn 10616, registry code: 10751440). These data protection terms and conditions are designed to protect the privacy of KG&#8217;s past, present and future customers. Consequently, we set out the principles governing the collection, use, storage, transmission and disclosure of [&hellip;]<\/p>\n","protected":false},"author":1,"featured_media":0,"parent":0,"menu_order":0,"comment_status":"closed","ping_status":"closed","template":"template\/template-page.php","meta":{"footnotes":""},"class_list":["post-748","page","type-page","status-publish","hentry"],"yoast_head":"<!-- This site is optimized with the Yoast SEO plugin v27.0 - https:\/\/yoast.com\/product\/yoast-seo-wordpress\/ -->\n<title>Privacy Policy - Kapitali Grupp<\/title>\n<meta name=\"robots\" content=\"index, follow, max-snippet:-1, max-image-preview:large, max-video-preview:-1\" \/>\n<link rel=\"canonical\" href=\"https:\/\/kapitaligrupp.ee\/et\/privacy\/\" \/>\n<meta property=\"og:locale\" content=\"et_EE\" \/>\n<meta property=\"og:type\" content=\"article\" \/>\n<meta property=\"og:title\" content=\"Privacy Policy - Kapitali Grupp\" \/>\n<meta property=\"og:description\" content=\"Data protection conditionsThe chief processor of personal data is Kapitali Grupp O\u00dc (hereinafter KG) (Keemia 4, Tallinn 10616, registry code: 10751440). These data protection terms and conditions are designed to protect the privacy of KG&#8217;s past, present and future customers. Consequently, we set out the principles governing the collection, use, storage, transmission and disclosure of [&hellip;]\" \/>\n<meta property=\"og:url\" content=\"https:\/\/kapitaligrupp.ee\/et\/privacy\/\" \/>\n<meta property=\"og:site_name\" content=\"Kapitali Grupp\" \/>\n<meta property=\"article:modified_time\" content=\"2021-05-28T11:50:31+00:00\" \/>\n<meta name=\"twitter:card\" content=\"summary_large_image\" \/>\n<meta name=\"twitter:label1\" content=\"Est. reading time\" \/>\n\t<meta name=\"twitter:data1\" content=\"6 minutit\" \/>\n<script type=\"application\/ld+json\" class=\"yoast-schema-graph\">{\"@context\":\"https:\/\/schema.org\",\"@graph\":[{\"@type\":\"WebPage\",\"@id\":\"https:\/\/kapitaligrupp.ee\/privacy\/\",\"url\":\"https:\/\/kapitaligrupp.ee\/privacy\/\",\"name\":\"Privacy Policy - Kapitali Grupp\",\"isPartOf\":{\"@id\":\"https:\/\/kapitaligrupp.ee\/#website\"},\"datePublished\":\"2016-03-10T18:52:12+00:00\",\"dateModified\":\"2021-05-28T11:50:31+00:00\",\"breadcrumb\":{\"@id\":\"https:\/\/kapitaligrupp.ee\/privacy\/#breadcrumb\"},\"inLanguage\":\"et\",\"potentialAction\":[{\"@type\":\"ReadAction\",\"target\":[\"https:\/\/kapitaligrupp.ee\/privacy\/\"]}]},{\"@type\":\"BreadcrumbList\",\"@id\":\"https:\/\/kapitaligrupp.ee\/privacy\/#breadcrumb\",\"itemListElement\":[{\"@type\":\"ListItem\",\"position\":1,\"name\":\"Home\",\"item\":\"https:\/\/kapitaligrupp.ee\/\"},{\"@type\":\"ListItem\",\"position\":2,\"name\":\"Privacy Policy\"}]},{\"@type\":\"WebSite\",\"@id\":\"https:\/\/kapitaligrupp.ee\/#website\",\"url\":\"https:\/\/kapitaligrupp.ee\/\",\"name\":\"Kapitali Grupp\",\"description\":\"Parim kinnisvara Eestis\",\"publisher\":{\"@id\":\"https:\/\/kapitaligrupp.ee\/#organization\"},\"potentialAction\":[{\"@type\":\"SearchAction\",\"target\":{\"@type\":\"EntryPoint\",\"urlTemplate\":\"https:\/\/kapitaligrupp.ee\/?s={search_term_string}\"},\"query-input\":{\"@type\":\"PropertyValueSpecification\",\"valueRequired\":true,\"valueName\":\"search_term_string\"}}],\"inLanguage\":\"et\"},{\"@type\":\"Organization\",\"@id\":\"https:\/\/kapitaligrupp.ee\/#organization\",\"name\":\"Kapitali Grupp O\u00dc\",\"url\":\"https:\/\/kapitaligrupp.ee\/\",\"logo\":{\"@type\":\"ImageObject\",\"inLanguage\":\"et\",\"@id\":\"https:\/\/kapitaligrupp.ee\/#\/schema\/logo\/image\/\",\"url\":\"https:\/\/kapitaligrupp.ee\/wp-content\/uploads\/2021\/04\/kapitali-grupp-kinnisvara.png\",\"contentUrl\":\"https:\/\/kapitaligrupp.ee\/wp-content\/uploads\/2021\/04\/kapitali-grupp-kinnisvara.png\",\"width\":865,\"height\":311,\"caption\":\"Kapitali Grupp O\u00dc\"},\"image\":{\"@id\":\"https:\/\/kapitaligrupp.ee\/#\/schema\/logo\/image\/\"}}]}<\/script>\n<!-- \/ Yoast SEO plugin. -->","yoast_head_json":{"title":"Privacy Policy - Kapitali Grupp","robots":{"index":"index","follow":"follow","max-snippet":"max-snippet:-1","max-image-preview":"max-image-preview:large","max-video-preview":"max-video-preview:-1"},"canonical":"https:\/\/kapitaligrupp.ee\/et\/privacy\/","og_locale":"et_EE","og_type":"article","og_title":"Privacy Policy - Kapitali Grupp","og_description":"Data protection conditionsThe chief processor of personal data is Kapitali Grupp O\u00dc (hereinafter KG) (Keemia 4, Tallinn 10616, registry code: 10751440). These data protection terms and conditions are designed to protect the privacy of KG&#8217;s past, present and future customers. Consequently, we set out the principles governing the collection, use, storage, transmission and disclosure of [&hellip;]","og_url":"https:\/\/kapitaligrupp.ee\/et\/privacy\/","og_site_name":"Kapitali Grupp","article_modified_time":"2021-05-28T11:50:31+00:00","twitter_card":"summary_large_image","twitter_misc":{"Est. reading time":"6 minutit"},"schema":{"@context":"https:\/\/schema.org","@graph":[{"@type":"WebPage","@id":"https:\/\/kapitaligrupp.ee\/privacy\/","url":"https:\/\/kapitaligrupp.ee\/privacy\/","name":"Privacy Policy - Kapitali Grupp","isPartOf":{"@id":"https:\/\/kapitaligrupp.ee\/#website"},"datePublished":"2016-03-10T18:52:12+00:00","dateModified":"2021-05-28T11:50:31+00:00","breadcrumb":{"@id":"https:\/\/kapitaligrupp.ee\/privacy\/#breadcrumb"},"inLanguage":"et","potentialAction":[{"@type":"ReadAction","target":["https:\/\/kapitaligrupp.ee\/privacy\/"]}]},{"@type":"BreadcrumbList","@id":"https:\/\/kapitaligrupp.ee\/privacy\/#breadcrumb","itemListElement":[{"@type":"ListItem","position":1,"name":"Home","item":"https:\/\/kapitaligrupp.ee\/"},{"@type":"ListItem","position":2,"name":"Privacy Policy"}]},{"@type":"WebSite","@id":"https:\/\/kapitaligrupp.ee\/#website","url":"https:\/\/kapitaligrupp.ee\/","name":"Kapitali Grupp","description":"Parim kinnisvara Eestis","publisher":{"@id":"https:\/\/kapitaligrupp.ee\/#organization"},"potentialAction":[{"@type":"SearchAction","target":{"@type":"EntryPoint","urlTemplate":"https:\/\/kapitaligrupp.ee\/?s={search_term_string}"},"query-input":{"@type":"PropertyValueSpecification","valueRequired":true,"valueName":"search_term_string"}}],"inLanguage":"et"},{"@type":"Organization","@id":"https:\/\/kapitaligrupp.ee\/#organization","name":"Kapitali Grupp O\u00dc","url":"https:\/\/kapitaligrupp.ee\/","logo":{"@type":"ImageObject","inLanguage":"et","@id":"https:\/\/kapitaligrupp.ee\/#\/schema\/logo\/image\/","url":"https:\/\/kapitaligrupp.ee\/wp-content\/uploads\/2021\/04\/kapitali-grupp-kinnisvara.png","contentUrl":"https:\/\/kapitaligrupp.ee\/wp-content\/uploads\/2021\/04\/kapitali-grupp-kinnisvara.png","width":865,"height":311,"caption":"Kapitali Grupp O\u00dc"},"image":{"@id":"https:\/\/kapitaligrupp.ee\/#\/schema\/logo\/image\/"}}]}},"_links":{"self":[{"href":"https:\/\/kapitaligrupp.ee\/et\/wp-json\/wp\/v2\/pages\/748","targetHints":{"allow":["GET"]}}],"collection":[{"href":"https:\/\/kapitaligrupp.ee\/et\/wp-json\/wp\/v2\/pages"}],"about":[{"href":"https:\/\/kapitaligrupp.ee\/et\/wp-json\/wp\/v2\/types\/page"}],"author":[{"embeddable":true,"href":"https:\/\/kapitaligrupp.ee\/et\/wp-json\/wp\/v2\/users\/1"}],"replies":[{"embeddable":true,"href":"https:\/\/kapitaligrupp.ee\/et\/wp-json\/wp\/v2\/comments?post=748"}],"version-history":[{"count":5,"href":"https:\/\/kapitaligrupp.ee\/et\/wp-json\/wp\/v2\/pages\/748\/revisions"}],"predecessor-version":[{"id":19818,"href":"https:\/\/kapitaligrupp.ee\/et\/wp-json\/wp\/v2\/pages\/748\/revisions\/19818"}],"wp:attachment":[{"href":"https:\/\/kapitaligrupp.ee\/et\/wp-json\/wp\/v2\/media?parent=748"}],"curies":[{"name":"wp","href":"https:\/\/api.w.org\/{rel}","templated":true}]}}